{"id":7,"date":"2018-12-29T18:09:10","date_gmt":"2018-12-29T17:09:10","guid":{"rendered":"https:\/\/siatkalks.pl\/index.php\/druzyny\/"},"modified":"2025-08-26T14:15:50","modified_gmt":"2025-08-26T12:15:50","slug":"druzyny","status":"publish","type":"page","link":"https:\/\/siatkalks.pl\/index.php\/druzyny\/","title":{"rendered":"Dru\u017cyny"},"content":{"rendered":"<p>[et_pb_section fb_built=&#8221;1&#8243; admin_label=&#8221;Header&#8221; _builder_version=&#8221;4.16&#8243; use_background_color_gradient=&#8221;on&#8221; background_color_gradient_direction=&#8221;123deg&#8221; background_color_gradient_stops=&#8221;rgba(0,0,0,0.65) 0%|rgba(224,153,0,0) 100%&#8221; background_color_gradient_overlays_image=&#8221;on&#8221; background_color_gradient_start=&#8221;rgba(0,0,0,0.65)&#8221; background_color_gradient_end=&#8221;rgba(224,153,0,0)&#8221; background_image=&#8221;https:\/\/siatkalks.pl\/wp-content\/uploads\/2019\/01\/2.jpg&#8221; custom_padding=&#8221;3vw||3vw||true|false&#8221; bottom_divider_style=&#8221;slant2&#8243; bottom_divider_color=&#8221;rgba(0,0,0,0.38)&#8221; bottom_divider_height=&#8221;100%&#8221; bottom_divider_flip=&#8221;horizontal&#8221; global_colors_info=&#8221;{}&#8221;][et_pb_row _builder_version=&#8221;4.16&#8243; global_colors_info=&#8221;{}&#8221;][et_pb_column type=&#8221;4_4&#8243; _builder_version=&#8221;4.16&#8243; custom_padding=&#8221;|||&#8221; global_colors_info=&#8221;{}&#8221; custom_padding__hover=&#8221;|||&#8221;][et_pb_divider color=&#8221;rgba(255,255,255,0.24)&#8221; divider_style=&#8221;dashed&#8221; divider_weight=&#8221;3px&#8221; _builder_version=&#8221;4.16&#8243; max_width=&#8221;820px&#8221; height=&#8221;3px&#8221; global_colors_info=&#8221;{}&#8221;][\/et_pb_divider][\/et_pb_column][\/et_pb_row][et_pb_row _builder_version=&#8221;4.16&#8243; custom_padding=&#8221;0|0px|0|0px|true|false&#8221; border_color_all=&#8221;#ffa53b&#8221; border_width_left=&#8221;20px&#8221; border_color_left=&#8221;#bb0101&#8243; global_colors_info=&#8221;{}&#8221;][et_pb_column type=&#8221;4_4&#8243; _builder_version=&#8221;4.16&#8243; custom_padding=&#8221;|||&#8221; global_colors_info=&#8221;{}&#8221; custom_padding__hover=&#8221;|||&#8221;][et_pb_text _builder_version=&#8221;4.16&#8243; header_font=&#8221;|800||on|||||&#8221; header_text_color=&#8221;#ffffff&#8221; header_font_size=&#8221;35px&#8221; header_letter_spacing=&#8221;0.1em&#8221; header_line_height=&#8221;1.4em&#8221; background_color=&#8221;#bb0101&#8243; max_width=&#8221;800px&#8221; custom_margin=&#8221;||0px&#8221; custom_padding=&#8221;30px|10px|30px|20px|true|false&#8221; header_font_size_tablet=&#8221;40px&#8221; header_font_size_phone=&#8221;30px&#8221; header_font_size_last_edited=&#8221;on|phone&#8221; border_color_all=&#8221;#bb0101&#8243; global_colors_info=&#8221;{}&#8221;]<\/p>\n<h1>dru\u017cyny<\/h1>\n<p>[\/et_pb_text][\/et_pb_column][\/et_pb_row][\/et_pb_section][et_pb_section fb_built=&#8221;1&#8243; admin_label=&#8221;Services&#8221; _builder_version=&#8221;4.16&#8243; custom_padding=&#8221;0|0px|0|0px|false|false&#8221; global_colors_info=&#8221;{}&#8221;][et_pb_row _builder_version=&#8221;4.16&#8243; global_colors_info=&#8221;{}&#8221;][et_pb_column type=&#8221;4_4&#8243; _builder_version=&#8221;4.16&#8243; custom_padding=&#8221;|||&#8221; global_colors_info=&#8221;{}&#8221; custom_padding__hover=&#8221;|||&#8221;][et_pb_text _builder_version=&#8221;4.27.0&#8243; text_font=&#8221;Play||||||||&#8221; text_text_color=&#8221;#000000&#8243; text_font_size=&#8221;18px&#8221; text_line_height=&#8221;3em&#8221; header_3_font=&#8221;|800||on|||||&#8221; header_3_font_size=&#8221;30px&#8221; header_3_letter_spacing=&#8221;1px&#8221; header_3_line_height=&#8221;1.6em&#8221; animation_style=&#8221;fade&#8221; animation_direction=&#8221;left&#8221; header_3_font_size_tablet=&#8221;&#8221; header_3_font_size_phone=&#8221;20px&#8221; header_3_font_size_last_edited=&#8221;on|phone&#8221; global_colors_info=&#8221;{}&#8221;]<\/p>\n<p>Sezon 2025\/26<br \/>1. II Liga Kobiet , juniorki trener Wojciech Blomberg<br \/>2. Kadetki I trener Krystian Kaczmarski<br \/>3. M\u0142odziczki I, Kadetki II trener\u00a0 Pawe\u0142 Blomberg<br \/>4. M\u0142odziczki II trener Izabela Pieprzowska<br \/>5. M\u0142odziczki III trener Anastazja Kolisiecka<br \/>6. Grupa naborowa trener Krzysztof \u015awita<br \/>7. Grupa naborowa trener Izabela \u015awita<br \/>8. Grupa naborowa trener Magdalena Blomberg<\/p>\n<p>[\/et_pb_text][\/et_pb_column][\/et_pb_row][\/et_pb_section][et_pb_section fb_built=&#8221;1&#8243; fullwidth=&#8221;on&#8221; prev_background_color=&#8221;#ffffff&#8221; _builder_version=&#8221;4.16&#8243; background_image=&#8221;https:\/\/siatkalks.pl\/wp-content\/uploads\/2018\/12\/44471970_2243197115709167_7943271160429412352_o.jpg&#8221; background_position=&#8221;center_right&#8221; top_divider_style=&#8221;wave&#8221; top_divider_flip=&#8221;horizontal&#8221; global_colors_info=&#8221;{}&#8221;][et_pb_fullwidth_code _builder_version=&#8221;4.16&#8243; custom_css_main_element=&#8221;height:300px&#8221; global_colors_info=&#8221;{}&#8221;][\/et_pb_fullwidth_code][\/et_pb_section]<\/p>\n","protected":false},"excerpt":{"rendered":"<p>dru\u017cyny Sezon 2025\/261. II Liga Kobiet , juniorki trener Wojciech Blomberg2. Kadetki I trener Krystian Kaczmarski3. M\u0142odziczki I, Kadetki II trener\u00a0 Pawe\u0142 Blomberg4. M\u0142odziczki II trener Izabela Pieprzowska5. M\u0142odziczki III trener Anastazja Kolisiecka6. Grupa naborowa trener Krzysztof \u015awita7. Grupa naborowa trener Izabela \u015awita8. Grupa naborowa trener Magdalena Blomberg<\/p>\n","protected":false},"author":1,"featured_media":0,"parent":0,"menu_order":0,"comment_status":"closed","ping_status":"closed","template":"","meta":{"_et_pb_use_builder":"on","_et_pb_old_content":"","_et_gb_content_width":"","footnotes":""},"class_list":["post-7","page","type-page","status-publish","hentry"],"_links":{"self":[{"href":"https:\/\/siatkalks.pl\/index.php\/wp-json\/wp\/v2\/pages\/7"}],"collection":[{"href":"https:\/\/siatkalks.pl\/index.php\/wp-json\/wp\/v2\/pages"}],"about":[{"href":"https:\/\/siatkalks.pl\/index.php\/wp-json\/wp\/v2\/types\/page"}],"author":[{"embeddable":true,"href":"https:\/\/siatkalks.pl\/index.php\/wp-json\/wp\/v2\/users\/1"}],"replies":[{"embeddable":true,"href":"https:\/\/siatkalks.pl\/index.php\/wp-json\/wp\/v2\/comments?post=7"}],"version-history":[{"count":7,"href":"https:\/\/siatkalks.pl\/index.php\/wp-json\/wp\/v2\/pages\/7\/revisions"}],"predecessor-version":[{"id":320,"href":"https:\/\/siatkalks.pl\/index.php\/wp-json\/wp\/v2\/pages\/7\/revisions\/320"}],"wp:attachment":[{"href":"https:\/\/siatkalks.pl\/index.php\/wp-json\/wp\/v2\/media?parent=7"}],"curies":[{"name":"wp","href":"https:\/\/api.w.org\/{rel}","templated":true}]}}